{"id":11,"date":"2025-02-09T14:17:54","date_gmt":"2025-02-09T14:17:54","guid":{"rendered":"https:\/\/demo.emretimur.com.tr\/e-ticaret1\/cart\/"},"modified":"2025-02-09T14:17:54","modified_gmt":"2025-02-09T14:17:54","slug":"cart","status":"publish","type":"page","link":"https:\/\/demo.emretimur.com.tr\/e-ticaret1\/cart\/","title":{"rendered":"Cart"},"content":{"rendered":"<div data-block-name=\"woocommerce\/cart\" class=\"wp-block-woocommerce-cart alignwide is-loading\"><div data-block-name=\"woocommerce\/filled-cart-block\" class=\"wp-block-woocommerce-filled-cart-block\"><div data-block-name=\"woocommerce\/cart-items-block\" class=\"wp-block-woocommerce-cart-items-block\"><div data-block-name=\"woocommerce\/cart-line-items-block\" class=\"wp-block-woocommerce-cart-line-items-block\"><\/div>\n\n<div data-block-name=\"woocommerce\/cart-cross-sells-block\" class=\"wp-block-woocommerce-cart-cross-sells-block\"><h2 class=\"wp-block-heading has-large-font-size\">You may be interested in\u2026<\/h2>\n\n<div data-block-name=\"woocommerce\/cart-cross-sells-products-block\" class=\"wp-block-woocommerce-cart-cross-sells-products-block\"><\/div><\/div><\/div>\n\n<div data-block-name=\"woocommerce\/cart-totals-block\" class=\"wp-block-woocommerce-cart-totals-block\"><div data-block-name=\"woocommerce\/cart-order-summary-block\" class=\"wp-block-woocommerce-cart-order-summary-block\"><div data-block-name=\"woocommerce\/cart-order-summary-heading-block\" class=\"wp-block-woocommerce-cart-order-summary-heading-block\"><\/div><div data-block-name=\"woocommerce\/cart-order-summary-coupon-form-block\" class=\"wp-block-woocommerce-cart-order-summary-coupon-form-block\"><\/div><div data-block-name=\"woocommerce\/cart-order-summary-totals-block\" class=\"wp-block-woocommerce-cart-order-summary-totals-block\">\n<div data-block-name=\"woocommerce\/cart-order-summary-subtotal-block\" class=\"wp-block-woocommerce-cart-order-summary-subtotal-block\"><\/div>\n<div data-block-name=\"woocommerce\/cart-order-summary-discount-block\" class=\"wp-block-woocommerce-cart-order-summary-discount-block\"><\/div>\n<div data-block-name=\"woocommerce\/cart-order-summary-fee-block\" class=\"wp-block-woocommerce-cart-order-summary-fee-block\"><\/div>\n<div data-block-name=\"woocommerce\/cart-order-summary-shipping-block\" class=\"wp-block-woocommerce-cart-order-summary-shipping-block\"><\/div>\n<div data-block-name=\"woocommerce\/cart-order-summary-taxes-block\" class=\"wp-block-woocommerce-cart-order-summary-taxes-block\"><\/div><\/div><\/div>\n\n<div data-block-name=\"woocommerce\/cart-express-payment-block\" class=\"wp-block-woocommerce-cart-express-payment-block\"><\/div>\n\n<div data-block-name=\"woocommerce\/proceed-to-checkout-block\" class=\"wp-block-woocommerce-proceed-to-checkout-block\"><\/div>\n\n<div data-block-name=\"woocommerce\/cart-accepted-payment-methods-block\" class=\"wp-block-woocommerce-cart-accepted-payment-methods-block\"><\/div><\/div><\/div>\n\n<div data-block-name=\"woocommerce\/empty-cart-block\" class=\"wp-block-woocommerce-empty-cart-block\"><h2 class=\"wp-block-heading has-text-align-center with-empty-cart-icon wc-block-cart__empty-cart__title\">Your cart is currently empty!<\/h2>\n\n<hr class=\"wp-block-separator has-alpha-channel-opacity is-style-dots\"\/>\n\n<h2 class=\"wp-block-heading has-text-align-center\">New in store<\/h2>\n\n<div data-block-name=\"woocommerce\/product-new\" data-columns=\"4\" data-rows=\"1\" class=\"wc-block-grid wp-block-product-new wp-block-woocommerce-product-new wc-block-product-new has-4-columns\"><ul class=\"wc-block-grid__products\"><li class=\"wc-block-grid__product\">\n\t\t\t\t<a href=\"https:\/\/demo.emretimur.com.tr\/e-ticaret1\/product\/apple-iphone-retina-6s-plus-64gb-2\/\" class=\"wc-block-grid__product-link\">\n\t\t\t\t\t\n\t\t\t\t\t<div class=\"wc-block-grid__product-image\"><img fetchpriority=\"high\" decoding=\"async\" width=\"300\" height=\"300\" src=\"https:\/\/demo.emretimur.com.tr\/e-ticaret1\/wp-content\/uploads\/2013\/06\/6a-300x300.jpg\" class=\"attachment-woocommerce_thumbnail size-woocommerce_thumbnail\" alt=\"Apple iPhone Retina 6s Plus 64GB\" srcset=\"https:\/\/demo.emretimur.com.tr\/e-ticaret1\/wp-content\/uploads\/2013\/06\/6a-300x300.jpg 300w, https:\/\/demo.emretimur.com.tr\/e-ticaret1\/wp-content\/uploads\/2013\/06\/6a-150x150.jpg 150w, https:\/\/demo.emretimur.com.tr\/e-ticaret1\/wp-content\/uploads\/2013\/06\/6a-768x768.jpg 768w, https:\/\/demo.emretimur.com.tr\/e-ticaret1\/wp-content\/uploads\/2013\/06\/6a-370x370.jpg 370w, https:\/\/demo.emretimur.com.tr\/e-ticaret1\/wp-content\/uploads\/2013\/06\/6a-600x600.jpg 600w, https:\/\/demo.emretimur.com.tr\/e-ticaret1\/wp-content\/uploads\/2013\/06\/6a-100x100.jpg 100w, https:\/\/demo.emretimur.com.tr\/e-ticaret1\/wp-content\/uploads\/2013\/06\/6a.jpg 1000w\" sizes=\"(max-width: 300px) 100vw, 300px\" \/><\/div>\n\t\t\t\t\t<div class=\"wc-block-grid__product-title\">Apple iPhone Retina 6s Plus 64GB<\/div>\n\t\t\t\t<\/a>\n\t\t\t\t<div class=\"wc-block-grid__product-price price\"><span class=\"woocommerce-Price-amount amount\"><span class=\"woocommerce-Price-currencySymbol\">&#036;<\/span>1,249.99<\/span><\/div>\n\t\t\t\t\n\t\t\t\t<div class=\"wp-block-button wc-block-grid__product-add-to-cart\"><a href=\"?add-to-cart=2886\" aria-label=\"Sepete ekle: \u201cApple iPhone Retina 6s Plus 64GB\u201d\" data-quantity=\"1\" data-product_id=\"2886\" data-product_sku=\"CD987654316-1\" data-price=\"1249.99\" rel=\"nofollow\" class=\"wp-block-button__link  add_to_cart_button ajax_add_to_cart\">Sepete Ekle<\/a><\/div>\n\t\t\t<\/li><li class=\"wc-block-grid__product\">\n\t\t\t\t<a href=\"https:\/\/demo.emretimur.com.tr\/e-ticaret1\/product\/marshall-kilburn-portable-wireless-speaker\/\" class=\"wc-block-grid__product-link\">\n\t\t\t\t\t\n\t\t\t\t\t<div class=\"wc-block-grid__product-image\"><img decoding=\"async\" width=\"300\" height=\"300\" src=\"https:\/\/demo.emretimur.com.tr\/e-ticaret1\/wp-content\/uploads\/2013\/06\/8a-300x300.jpg\" class=\"attachment-woocommerce_thumbnail size-woocommerce_thumbnail\" alt=\"Marshall Kilburn Portable Wireless Speaker\" srcset=\"https:\/\/demo.emretimur.com.tr\/e-ticaret1\/wp-content\/uploads\/2013\/06\/8a-300x300.jpg 300w, https:\/\/demo.emretimur.com.tr\/e-ticaret1\/wp-content\/uploads\/2013\/06\/8a-150x150.jpg 150w, https:\/\/demo.emretimur.com.tr\/e-ticaret1\/wp-content\/uploads\/2013\/06\/8a-768x768.jpg 768w, https:\/\/demo.emretimur.com.tr\/e-ticaret1\/wp-content\/uploads\/2013\/06\/8a-370x370.jpg 370w, https:\/\/demo.emretimur.com.tr\/e-ticaret1\/wp-content\/uploads\/2013\/06\/8a-600x600.jpg 600w, https:\/\/demo.emretimur.com.tr\/e-ticaret1\/wp-content\/uploads\/2013\/06\/8a-100x100.jpg 100w, https:\/\/demo.emretimur.com.tr\/e-ticaret1\/wp-content\/uploads\/2013\/06\/8a.jpg 1000w\" sizes=\"(max-width: 300px) 100vw, 300px\" \/><\/div>\n\t\t\t\t\t<div class=\"wc-block-grid__product-title\">Marshall Kilburn Portable Wireless Speaker<\/div>\n\t\t\t\t<\/a>\n\t\t\t\t<div class=\"wc-block-grid__product-price price\"><span class=\"woocommerce-Price-amount amount\"><span class=\"woocommerce-Price-currencySymbol\">&#036;<\/span>36.78<\/span><\/div>\n\t\t\t\t<div class=\"wc-block-grid__product-rating\"><div class=\"star-rating\" role=\"img\" aria-label=\"5 \u00fczerinden 5.00 oy ald\u0131\"><span style=\"width:100%\"><span class=\"rating\">1<\/span> m\u00fc\u015fteri puan\u0131na dayanarak 5 \u00fczerinden <strong class=\"rating\">5.00<\/strong> puan ald\u0131<\/span><\/div><\/div>\n\t\t\t\t<div class=\"wp-block-button wc-block-grid__product-add-to-cart\"><a href=\"https:\/\/demo.emretimur.com.tr\/e-ticaret1\/product\/marshall-kilburn-portable-wireless-speaker\/\" aria-label=\"&ldquo;Marshall Kilburn Portable Wireless Speaker&rdquo; i\u00e7in se\u00e7enekleri se\u00e7in\" data-quantity=\"1\" data-product_id=\"1992\" data-product_sku=\"SF1133569600-1\" data-price=\"36.78\" rel=\"nofollow\" class=\"wp-block-button__link  add_to_cart_button\">Se\u00e7enekler<\/a><\/div>\n\t\t\t<\/li><li class=\"wc-block-grid__product\">\n\t\t\t\t<a href=\"https:\/\/demo.emretimur.com.tr\/e-ticaret1\/product\/herschel-leather-duffle-bag-in-brown-color\/\" class=\"wc-block-grid__product-link\">\n\t\t\t\t\t\n\t\t\t\t\t<div class=\"wc-block-grid__product-image\"><img decoding=\"async\" width=\"300\" height=\"300\" src=\"https:\/\/demo.emretimur.com.tr\/e-ticaret1\/wp-content\/uploads\/2017\/09\/1a-300x300.jpg\" class=\"attachment-woocommerce_thumbnail size-woocommerce_thumbnail\" alt=\"Herschel Leather Duffle Bag In Brown Color\" srcset=\"https:\/\/demo.emretimur.com.tr\/e-ticaret1\/wp-content\/uploads\/2017\/09\/1a-300x300.jpg 300w, https:\/\/demo.emretimur.com.tr\/e-ticaret1\/wp-content\/uploads\/2017\/09\/1a-150x150.jpg 150w, https:\/\/demo.emretimur.com.tr\/e-ticaret1\/wp-content\/uploads\/2017\/09\/1a-768x768.jpg 768w, https:\/\/demo.emretimur.com.tr\/e-ticaret1\/wp-content\/uploads\/2017\/09\/1a-370x370.jpg 370w, https:\/\/demo.emretimur.com.tr\/e-ticaret1\/wp-content\/uploads\/2017\/09\/1a-600x600.jpg 600w, https:\/\/demo.emretimur.com.tr\/e-ticaret1\/wp-content\/uploads\/2017\/09\/1a-100x100.jpg 100w, https:\/\/demo.emretimur.com.tr\/e-ticaret1\/wp-content\/uploads\/2017\/09\/1a.jpg 1000w\" sizes=\"(max-width: 300px) 100vw, 300px\" \/><\/div>\n\t\t\t\t\t<div class=\"wc-block-grid__product-title\">Herschel Leather Duffle Bag In Brown Color<\/div>\n\t\t\t\t<\/a>\n\t\t\t\t<div class=\"wc-block-grid__product-price price\"><span class=\"woocommerce-Price-amount amount\"><span class=\"woocommerce-Price-currencySymbol\">&#036;<\/span>125.30<\/span><\/div>\n\t\t\t\t<div class=\"wc-block-grid__product-rating\"><div class=\"star-rating\" role=\"img\" aria-label=\"5 \u00fczerinden 4.00 oy ald\u0131\"><span style=\"width:80%\"><span class=\"rating\">1<\/span> m\u00fc\u015fteri puan\u0131na dayanarak 5 \u00fczerinden <strong class=\"rating\">4.00<\/strong> puan ald\u0131<\/span><\/div><\/div>\n\t\t\t\t<div class=\"wp-block-button wc-block-grid__product-add-to-cart\"><a href=\"?add-to-cart=126\" aria-label=\"Sepete ekle: \u201cHerschel Leather Duffle Bag In Brown Color\u201d\" data-quantity=\"1\" data-product_id=\"126\" data-product_sku=\"AB123456789\" data-price=\"125.3\" rel=\"nofollow\" class=\"wp-block-button__link  add_to_cart_button ajax_add_to_cart\">Sepete Ekle<\/a><\/div>\n\t\t\t<\/li><li class=\"wc-block-grid__product\">\n\t\t\t\t<a href=\"https:\/\/demo.emretimur.com.tr\/e-ticaret1\/product\/xbox-one-wireless-controller-black-color\/\" class=\"wc-block-grid__product-link\">\n\t\t\t\t\t\n\t\t\t\t\t<div class=\"wc-block-grid__product-image\"><img loading=\"lazy\" decoding=\"async\" width=\"300\" height=\"300\" src=\"https:\/\/demo.emretimur.com.tr\/e-ticaret1\/wp-content\/uploads\/2013\/06\/17a-300x300.jpg\" class=\"attachment-woocommerce_thumbnail size-woocommerce_thumbnail\" alt=\"Xbox One Wireless Controller Black Color\" srcset=\"https:\/\/demo.emretimur.com.tr\/e-ticaret1\/wp-content\/uploads\/2013\/06\/17a-300x300.jpg 300w, https:\/\/demo.emretimur.com.tr\/e-ticaret1\/wp-content\/uploads\/2013\/06\/17a-150x150.jpg 150w, https:\/\/demo.emretimur.com.tr\/e-ticaret1\/wp-content\/uploads\/2013\/06\/17a-768x768.jpg 768w, https:\/\/demo.emretimur.com.tr\/e-ticaret1\/wp-content\/uploads\/2013\/06\/17a-370x370.jpg 370w, https:\/\/demo.emretimur.com.tr\/e-ticaret1\/wp-content\/uploads\/2013\/06\/17a-600x600.jpg 600w, https:\/\/demo.emretimur.com.tr\/e-ticaret1\/wp-content\/uploads\/2013\/06\/17a-100x100.jpg 100w, https:\/\/demo.emretimur.com.tr\/e-ticaret1\/wp-content\/uploads\/2013\/06\/17a.jpg 1000w\" sizes=\"(max-width: 300px) 100vw, 300px\" \/><\/div>\n\t\t\t\t\t<div class=\"wc-block-grid__product-title\">Xbox One Wireless Controller Black Color<\/div>\n\t\t\t\t<\/a>\n\t\t\t\t<div class=\"wc-block-grid__product-price price\"><span class=\"woocommerce-Price-amount amount\"><span class=\"woocommerce-Price-currencySymbol\">&#036;<\/span>55.30<\/span><\/div>\n\t\t\t\t<div class=\"wc-block-grid__product-rating\"><div class=\"star-rating\" role=\"img\" aria-label=\"5 \u00fczerinden 4.50 oy ald\u0131\"><span style=\"width:90%\"><span class=\"rating\">2<\/span> m\u00fc\u015fteri puan\u0131na dayanarak 5 \u00fczerinden <strong class=\"rating\">4.50<\/strong> puan ald\u0131<\/span><\/div><\/div>\n\t\t\t\t<div class=\"wp-block-button wc-block-grid__product-add-to-cart\"><a href=\"?add-to-cart=99\" aria-label=\"Sepete ekle: \u201cXbox One Wireless Controller Black Color\u201d\" data-quantity=\"1\" data-product_id=\"99\" data-product_sku=\"AB123456788\" data-price=\"55.3\" rel=\"nofollow\" class=\"wp-block-button__link  add_to_cart_button ajax_add_to_cart\">Sepete Ekle<\/a><\/div>\n\t\t\t<\/li><\/ul><\/div><\/div><\/div>","protected":false},"excerpt":{"rendered":"You may be interested in\u2026 Your cart is currently empty! New in store","protected":false},"author":1,"featured_media":0,"parent":0,"menu_order":0,"comment_status":"closed","ping_status":"closed","template":"","meta":{"footnotes":""},"class_list":["post-11","page","type-page","status-publish","hentry"],"_links":{"self":[{"href":"https:\/\/demo.emretimur.com.tr\/e-ticaret1\/wp-json\/wp\/v2\/pages\/11","targetHints":{"allow":["GET"]}}],"collection":[{"href":"https:\/\/demo.emretimur.com.tr\/e-ticaret1\/wp-json\/wp\/v2\/pages"}],"about":[{"href":"https:\/\/demo.emretimur.com.tr\/e-ticaret1\/wp-json\/wp\/v2\/types\/page"}],"author":[{"embeddable":true,"href":"https:\/\/demo.emretimur.com.tr\/e-ticaret1\/wp-json\/wp\/v2\/users\/1"}],"replies":[{"embeddable":true,"href":"https:\/\/demo.emretimur.com.tr\/e-ticaret1\/wp-json\/wp\/v2\/comments?post=11"}],"version-history":[{"count":0,"href":"https:\/\/demo.emretimur.com.tr\/e-ticaret1\/wp-json\/wp\/v2\/pages\/11\/revisions"}],"wp:attachment":[{"href":"https:\/\/demo.emretimur.com.tr\/e-ticaret1\/wp-json\/wp\/v2\/media?parent=11"}],"curies":[{"name":"wp","href":"https:\/\/api.w.org\/{rel}","templated":true}]}}