{"id":10,"date":"2025-02-09T01:53:39","date_gmt":"2025-02-09T01:53:39","guid":{"rendered":"https:\/\/demo.emretimur.com.tr\/e-ticaret\/cart\/"},"modified":"2025-02-09T02:21:07","modified_gmt":"2025-02-09T02:21:07","slug":"cart","status":"publish","type":"page","link":"https:\/\/demo.emretimur.com.tr\/e-ticaret\/cart\/","title":{"rendered":"Cart"},"content":{"rendered":"<div data-block-name=\"woocommerce\/cart\" class=\"wp-block-woocommerce-cart alignwide is-loading\"><div data-block-name=\"woocommerce\/filled-cart-block\" class=\"wp-block-woocommerce-filled-cart-block\"><div data-block-name=\"woocommerce\/cart-items-block\" class=\"wp-block-woocommerce-cart-items-block\"><div data-block-name=\"woocommerce\/cart-line-items-block\" class=\"wp-block-woocommerce-cart-line-items-block\"><\/div>\n\n<div data-block-name=\"woocommerce\/cart-cross-sells-block\" class=\"wp-block-woocommerce-cart-cross-sells-block\"><h2 class=\"wp-block-heading has-large-font-size\">You may be interested in\u2026<\/h2>\n\n<div data-block-name=\"woocommerce\/cart-cross-sells-products-block\" class=\"wp-block-woocommerce-cart-cross-sells-products-block\"><\/div><\/div><\/div>\n\n<div data-block-name=\"woocommerce\/cart-totals-block\" class=\"wp-block-woocommerce-cart-totals-block\"><div data-block-name=\"woocommerce\/cart-order-summary-block\" class=\"wp-block-woocommerce-cart-order-summary-block\"><div data-block-name=\"woocommerce\/cart-order-summary-heading-block\" class=\"wp-block-woocommerce-cart-order-summary-heading-block\"><\/div><div data-block-name=\"woocommerce\/cart-order-summary-coupon-form-block\" class=\"wp-block-woocommerce-cart-order-summary-coupon-form-block\"><\/div><div data-block-name=\"woocommerce\/cart-order-summary-totals-block\" class=\"wp-block-woocommerce-cart-order-summary-totals-block\">\n<div data-block-name=\"woocommerce\/cart-order-summary-subtotal-block\" class=\"wp-block-woocommerce-cart-order-summary-subtotal-block\"><\/div>\n<div data-block-name=\"woocommerce\/cart-order-summary-discount-block\" class=\"wp-block-woocommerce-cart-order-summary-discount-block\"><\/div>\n<div data-block-name=\"woocommerce\/cart-order-summary-fee-block\" class=\"wp-block-woocommerce-cart-order-summary-fee-block\"><\/div>\n<div data-block-name=\"woocommerce\/cart-order-summary-shipping-block\" class=\"wp-block-woocommerce-cart-order-summary-shipping-block\"><\/div>\n<div data-block-name=\"woocommerce\/cart-order-summary-taxes-block\" class=\"wp-block-woocommerce-cart-order-summary-taxes-block\"><\/div><\/div><\/div>\n\n<div data-block-name=\"woocommerce\/cart-express-payment-block\" class=\"wp-block-woocommerce-cart-express-payment-block\"><\/div>\n\n<div data-block-name=\"woocommerce\/proceed-to-checkout-block\" class=\"wp-block-woocommerce-proceed-to-checkout-block\"><\/div>\n\n<div data-block-name=\"woocommerce\/cart-accepted-payment-methods-block\" class=\"wp-block-woocommerce-cart-accepted-payment-methods-block\"><\/div><\/div><\/div>\n\n<div data-block-name=\"woocommerce\/empty-cart-block\" class=\"wp-block-woocommerce-empty-cart-block\"><h2 class=\"wp-block-heading has-text-align-center with-empty-cart-icon wc-block-cart__empty-cart__title\">Your cart is currently empty!<\/h2>\n\n<hr class=\"wp-block-separator has-alpha-channel-opacity is-style-dots\"\/>\n\n<h2 class=\"wp-block-heading has-text-align-center\">New in store<\/h2>\n\n<div data-block-name=\"woocommerce\/product-new\" data-columns=\"4\" data-rows=\"1\" class=\"wc-block-grid wp-block-product-new wp-block-woocommerce-product-new wc-block-product-new has-4-columns\"><ul class=\"wc-block-grid__products\"><li class=\"wc-block-grid__product\">\n\t\t\t\t<a href=\"https:\/\/demo.emretimur.com.tr\/e-ticaret\/product\/dell-inspiron-15-3520-i5-1235u-n5i5052w1\/\" class=\"wc-block-grid__product-link\">\n\t\t\t\t\t<div class=\"wc-block-grid__product-onsale\">\n\t\t\t<span aria-hidden=\"true\">\u0130ndirim<\/span>\n\t\t\t<span class=\"screen-reader-text\">\u0130ndirimdeki \u00fcr\u00fcn<\/span>\n\t\t<\/div>\n\t\t\t\t\t<div class=\"wc-block-grid__product-image\"><img fetchpriority=\"high\" decoding=\"async\" width=\"300\" height=\"300\" src=\"https:\/\/demo.emretimur.com.tr\/e-ticaret\/wp-content\/uploads\/2025\/02\/product-13-300x300.png\" class=\"attachment-woocommerce_thumbnail size-woocommerce_thumbnail\" alt=\"Dell Inspiron 15 3520 i5 1235U (N5I5052W1)\" srcset=\"https:\/\/demo.emretimur.com.tr\/e-ticaret\/wp-content\/uploads\/2025\/02\/product-13-300x300.png 300w, https:\/\/demo.emretimur.com.tr\/e-ticaret\/wp-content\/uploads\/2025\/02\/product-13-150x150.png 150w, https:\/\/demo.emretimur.com.tr\/e-ticaret\/wp-content\/uploads\/2025\/02\/product-13-768x768.png 768w, https:\/\/demo.emretimur.com.tr\/e-ticaret\/wp-content\/uploads\/2025\/02\/product-13-600x600.png 600w, https:\/\/demo.emretimur.com.tr\/e-ticaret\/wp-content\/uploads\/2025\/02\/product-13.png 1000w\" sizes=\"(max-width: 300px) 100vw, 300px\" \/><\/div>\n\t\t\t\t\t<div class=\"wc-block-grid__product-title\">Dell Inspiron 15 3520 i5 1235U (N5I5052W1)<\/div>\n\t\t\t\t<\/a>\n\t\t\t\t<div class=\"wc-block-grid__product-price price\"><div class=\"product-price price \"><span class=\"woocs_price_code\" data-currency=\"\" data-redraw-id=\"69dd1599c8379\" data-product-id=\"21814\"><del aria-hidden=\"true\"><span class=\"woocommerce-Price-amount amount\">563.00<span class=\"woocommerce-Price-currencySymbol\">&#8378;<\/span><\/span><\/del> <span class=\"screen-reader-text\">Orijinal fiyat: 563.00&#8378;.<\/span><ins aria-hidden=\"true\"><span class=\"woocommerce-Price-amount amount\">455.00<span class=\"woocommerce-Price-currencySymbol\">&#8378;<\/span><\/span><\/ins><span class=\"screen-reader-text\">\u015eu andaki fiyat: 455.00&#8378;.<\/span><\/span><\/div><\/div>\n\t\t\t\t\n\t\t\t\t<div class=\"wp-block-button wc-block-grid__product-add-to-cart\"><a href=\"?add-to-cart=21814\" aria-label=\"Sepete ekle: \u201cDell Inspiron 15 3520 i5 1235U (N5I5052W1)\u201d\" data-quantity=\"1\" data-product_id=\"21814\" data-product_sku=\"PRO-247\" data-price=\"455\" rel=\"nofollow\" class=\"wp-block-button__link  add_to_cart_button ajax_add_to_cart\">Sepete Ekle<\/a><\/div>\n\t\t\t<\/li><li class=\"wc-block-grid__product\">\n\t\t\t\t<a href=\"https:\/\/demo.emretimur.com.tr\/e-ticaret\/product\/asus-vivobook-go-15-e1504fa-r5-7520u-nj776w\/\" class=\"wc-block-grid__product-link\">\n\t\t\t\t\t\n\t\t\t\t\t<div class=\"wc-block-grid__product-image\"><img decoding=\"async\" width=\"300\" height=\"300\" src=\"https:\/\/demo.emretimur.com.tr\/e-ticaret\/wp-content\/uploads\/2025\/02\/product-1-300x300.png\" class=\"attachment-woocommerce_thumbnail size-woocommerce_thumbnail\" alt=\"Asus Vivobook Go 15 E1504FA R5 7520U (NJ776W)\" srcset=\"https:\/\/demo.emretimur.com.tr\/e-ticaret\/wp-content\/uploads\/2025\/02\/product-1-300x300.png 300w, https:\/\/demo.emretimur.com.tr\/e-ticaret\/wp-content\/uploads\/2025\/02\/product-1-150x150.png 150w, https:\/\/demo.emretimur.com.tr\/e-ticaret\/wp-content\/uploads\/2025\/02\/product-1-768x768.png 768w, https:\/\/demo.emretimur.com.tr\/e-ticaret\/wp-content\/uploads\/2025\/02\/product-1-600x600.png 600w, https:\/\/demo.emretimur.com.tr\/e-ticaret\/wp-content\/uploads\/2025\/02\/product-1.png 1000w\" sizes=\"(max-width: 300px) 100vw, 300px\" \/><\/div>\n\t\t\t\t\t<div class=\"wc-block-grid__product-title\">Asus Vivobook Go 15 E1504FA R5 7520U (NJ776W)<\/div>\n\t\t\t\t<\/a>\n\t\t\t\t<div class=\"wc-block-grid__product-price price\"><div class=\"product-price price \"><span class=\"woocs_price_code\" data-currency=\"\" data-redraw-id=\"69dd1599c9634\" data-product-id=\"21812\"><span class=\"woocommerce-Price-amount amount\">334.00<span class=\"woocommerce-Price-currencySymbol\">&#8378;<\/span><\/span><\/span><\/div><\/div>\n\t\t\t\t\n\t\t\t\t<div class=\"wp-block-button wc-block-grid__product-add-to-cart\"><a href=\"?add-to-cart=21812\" aria-label=\"Sepete ekle: \u201cAsus Vivobook Go 15 E1504FA R5 7520U (NJ776W)\u201d\" data-quantity=\"1\" data-product_id=\"21812\" data-product_sku=\"PRO-246\" data-price=\"334\" rel=\"nofollow\" class=\"wp-block-button__link  add_to_cart_button ajax_add_to_cart\">Sepete Ekle<\/a><\/div>\n\t\t\t<\/li><li class=\"wc-block-grid__product\">\n\t\t\t\t<a href=\"https:\/\/demo.emretimur.com.tr\/e-ticaret\/product\/samsung-galaxy-watch4-40mm-silicone-strap\/\" class=\"wc-block-grid__product-link\">\n\t\t\t\t\t<div class=\"wc-block-grid__product-onsale\">\n\t\t\t<span aria-hidden=\"true\">\u0130ndirim<\/span>\n\t\t\t<span class=\"screen-reader-text\">\u0130ndirimdeki \u00fcr\u00fcn<\/span>\n\t\t<\/div>\n\t\t\t\t\t<div class=\"wc-block-grid__product-image\"><img decoding=\"async\" width=\"300\" height=\"300\" src=\"https:\/\/demo.emretimur.com.tr\/e-ticaret\/wp-content\/uploads\/2025\/02\/product-300x300.png\" class=\"attachment-woocommerce_thumbnail size-woocommerce_thumbnail\" alt=\"Samsung Galaxy Watch4 40mm silicone strap\" srcset=\"https:\/\/demo.emretimur.com.tr\/e-ticaret\/wp-content\/uploads\/2025\/02\/product-300x300.png 300w, https:\/\/demo.emretimur.com.tr\/e-ticaret\/wp-content\/uploads\/2025\/02\/product-150x150.png 150w, https:\/\/demo.emretimur.com.tr\/e-ticaret\/wp-content\/uploads\/2025\/02\/product-768x768.png 768w, https:\/\/demo.emretimur.com.tr\/e-ticaret\/wp-content\/uploads\/2025\/02\/product-600x600.png 600w, https:\/\/demo.emretimur.com.tr\/e-ticaret\/wp-content\/uploads\/2025\/02\/product.png 1000w\" sizes=\"(max-width: 300px) 100vw, 300px\" \/><\/div>\n\t\t\t\t\t<div class=\"wc-block-grid__product-title\">Samsung Galaxy Watch4 40mm silicone strap<\/div>\n\t\t\t\t<\/a>\n\t\t\t\t<div class=\"wc-block-grid__product-price price\"><div class=\"product-price price \"><span class=\"woocs_price_code\" data-currency=\"\" data-redraw-id=\"69dd1599cd2a1\" data-product-id=\"21810\"><del aria-hidden=\"true\"><span class=\"woocommerce-Price-amount amount\">436.00<span class=\"woocommerce-Price-currencySymbol\">&#8378;<\/span><\/span><\/del> <span class=\"screen-reader-text\">Orijinal fiyat: 436.00&#8378;.<\/span><ins aria-hidden=\"true\"><span class=\"woocommerce-Price-amount amount\">413.00<span class=\"woocommerce-Price-currencySymbol\">&#8378;<\/span><\/span><\/ins><span class=\"screen-reader-text\">\u015eu andaki fiyat: 413.00&#8378;.<\/span><\/span><\/div><\/div>\n\t\t\t\t\n\t\t\t\t<div class=\"wp-block-button wc-block-grid__product-add-to-cart\"><a href=\"?add-to-cart=21810\" aria-label=\"Sepete ekle: \u201cSamsung Galaxy Watch4 40mm silicone strap\u201d\" data-quantity=\"1\" data-product_id=\"21810\" data-product_sku=\"PRO-245\" data-price=\"413\" rel=\"nofollow\" class=\"wp-block-button__link  add_to_cart_button ajax_add_to_cart\">Sepete Ekle<\/a><\/div>\n\t\t\t<\/li><li class=\"wc-block-grid__product\">\n\t\t\t\t<a href=\"https:\/\/demo.emretimur.com.tr\/e-ticaret\/product\/garmin-forerunner-965-47-2mm-silicone-strap\/\" class=\"wc-block-grid__product-link\">\n\t\t\t\t\t\n\t\t\t\t\t<div class=\"wc-block-grid__product-image\"><img loading=\"lazy\" decoding=\"async\" width=\"300\" height=\"300\" src=\"https:\/\/demo.emretimur.com.tr\/e-ticaret\/wp-content\/uploads\/2025\/02\/product-12-300x300.png\" class=\"attachment-woocommerce_thumbnail size-woocommerce_thumbnail\" alt=\"Garmin Forerunner 965 47.2mm silicone strap\" srcset=\"https:\/\/demo.emretimur.com.tr\/e-ticaret\/wp-content\/uploads\/2025\/02\/product-12-300x300.png 300w, https:\/\/demo.emretimur.com.tr\/e-ticaret\/wp-content\/uploads\/2025\/02\/product-12-150x150.png 150w, https:\/\/demo.emretimur.com.tr\/e-ticaret\/wp-content\/uploads\/2025\/02\/product-12-768x768.png 768w, https:\/\/demo.emretimur.com.tr\/e-ticaret\/wp-content\/uploads\/2025\/02\/product-12-600x600.png 600w, https:\/\/demo.emretimur.com.tr\/e-ticaret\/wp-content\/uploads\/2025\/02\/product-12.png 1000w\" sizes=\"(max-width: 300px) 100vw, 300px\" \/><\/div>\n\t\t\t\t\t<div class=\"wc-block-grid__product-title\">Garmin Forerunner 965 47.2mm silicone strap<\/div>\n\t\t\t\t<\/a>\n\t\t\t\t<div class=\"wc-block-grid__product-price price\"><div class=\"product-price price \"><span class=\"woocs_price_code\" data-currency=\"\" data-redraw-id=\"69dd1599ce799\" data-product-id=\"21807\"><span class=\"woocommerce-Price-amount amount\">267.00<span class=\"woocommerce-Price-currencySymbol\">&#8378;<\/span><\/span><\/span><\/div><\/div>\n\t\t\t\t\n\t\t\t\t<div class=\"wp-block-button wc-block-grid__product-add-to-cart\"><a href=\"?add-to-cart=21807\" aria-label=\"Sepete ekle: \u201cGarmin Forerunner 965 47.2mm silicone strap\u201d\" data-quantity=\"1\" data-product_id=\"21807\" data-product_sku=\"PRO-244\" data-price=\"267\" rel=\"nofollow\" class=\"wp-block-button__link  add_to_cart_button ajax_add_to_cart\">Sepete Ekle<\/a><\/div>\n\t\t\t<\/li><\/ul><\/div><\/div><\/div>","protected":false},"excerpt":{"rendered":"","protected":false},"author":1,"featured_media":0,"parent":0,"menu_order":0,"comment_status":"closed","ping_status":"closed","template":"","meta":{"footnotes":""},"class_list":["post-10","page","type-page","status-publish","hentry"],"_links":{"self":[{"href":"https:\/\/demo.emretimur.com.tr\/e-ticaret\/wp-json\/wp\/v2\/pages\/10","targetHints":{"allow":["GET"]}}],"collection":[{"href":"https:\/\/demo.emretimur.com.tr\/e-ticaret\/wp-json\/wp\/v2\/pages"}],"about":[{"href":"https:\/\/demo.emretimur.com.tr\/e-ticaret\/wp-json\/wp\/v2\/types\/page"}],"author":[{"embeddable":true,"href":"https:\/\/demo.emretimur.com.tr\/e-ticaret\/wp-json\/wp\/v2\/users\/1"}],"replies":[{"embeddable":true,"href":"https:\/\/demo.emretimur.com.tr\/e-ticaret\/wp-json\/wp\/v2\/comments?post=10"}],"version-history":[{"count":1,"href":"https:\/\/demo.emretimur.com.tr\/e-ticaret\/wp-json\/wp\/v2\/pages\/10\/revisions"}],"predecessor-version":[{"id":21906,"href":"https:\/\/demo.emretimur.com.tr\/e-ticaret\/wp-json\/wp\/v2\/pages\/10\/revisions\/21906"}],"wp:attachment":[{"href":"https:\/\/demo.emretimur.com.tr\/e-ticaret\/wp-json\/wp\/v2\/media?parent=10"}],"curies":[{"name":"wp","href":"https:\/\/api.w.org\/{rel}","templated":true}]}}